{"id":4595,"date":"2024-11-20T08:32:51","date_gmt":"2024-11-20T08:32:51","guid":{"rendered":"https:\/\/easytaxibelgium.be\/a-propos-de\/"},"modified":"2025-12-31T08:25:28","modified_gmt":"2025-12-31T08:25:28","slug":"a-propos-de","status":"publish","type":"page","link":"https:\/\/easytaxibelgium.be\/fr\/a-propos-de\/","title":{"rendered":"A Propos De"},"content":{"rendered":"\t\t<div data-elementor-type=\"wp-post\" data-elementor-id=\"4595\" class=\"elementor elementor-4595 elementor-2356\" data-elementor-post-type=\"page\">\n\t\t\t\t<div class=\"elementor-element elementor-element-5f02ddf e-flex e-con-boxed e-con e-parent\" data-id=\"5f02ddf\" data-element_type=\"container\" data-e-type=\"container\" data-settings=\"{&quot;background_background&quot;:&quot;classic&quot;}\">\n\t\t\t\t\t<div class=\"e-con-inner\">\n\t\t<div class=\"elementor-element elementor-element-0502d81 e-con-full e-flex e-con e-child\" data-id=\"0502d81\" data-element_type=\"container\" data-e-type=\"container\">\n\t\t\t\t<div class=\"elementor-element elementor-element-03d202b elementor-widget elementor-widget-heading\" data-id=\"03d202b\" data-element_type=\"widget\" data-e-type=\"widget\" data-widget_type=\"heading.default\">\n\t\t\t\t<div class=\"elementor-widget-container\">\n\t\t\t\t\t<h1 class=\"elementor-heading-title elementor-size-default\">Qui sommes-nous ?<\/h1>\t\t\t\t<\/div>\n\t\t\t\t<\/div>\n\t\t\t\t<\/div>\n\t\t\t\t\t<\/div>\n\t\t\t\t<\/div>\n\t\t<div class=\"elementor-element elementor-element-ce23579 e-flex e-con-boxed e-con e-parent\" data-id=\"ce23579\" data-element_type=\"container\" data-e-type=\"container\">\n\t\t\t\t\t<div class=\"e-con-inner\">\n\t\t<div class=\"elementor-element elementor-element-89a7aec e-con-full e-flex e-con e-child\" data-id=\"89a7aec\" data-element_type=\"container\" data-e-type=\"container\">\n\t\t\t\t<div class=\"elementor-element elementor-element-a01f0dc elementor-widget elementor-widget-heading\" data-id=\"a01f0dc\" data-element_type=\"widget\" data-e-type=\"widget\" data-widget_type=\"heading.default\">\n\t\t\t\t<div class=\"elementor-widget-container\">\n\t\t\t\t\t<h2 class=\"elementor-heading-title elementor-size-default\">Notre mission<\/h2>\t\t\t\t<\/div>\n\t\t\t\t<\/div>\n\t\t\t\t<div class=\"elementor-element elementor-element-c43b3dd elementor-widget-divider--view-line elementor-widget elementor-widget-divider\" data-id=\"c43b3dd\" data-element_type=\"widget\" data-e-type=\"widget\" data-widget_type=\"divider.default\">\n\t\t\t\t<div class=\"elementor-widget-container\">\n\t\t\t\t\t\t\t<div class=\"elementor-divider\">\n\t\t\t<span class=\"elementor-divider-separator\">\n\t\t\t\t\t\t<\/span>\n\t\t<\/div>\n\t\t\t\t\t\t<\/div>\n\t\t\t\t<\/div>\n\t\t\t\t<div class=\"elementor-element elementor-element-e871351 elementor-widget elementor-widget-text-editor\" data-id=\"e871351\" data-element_type=\"widget\" data-e-type=\"widget\" data-widget_type=\"text-editor.default\">\n\t\t\t\t<div class=\"elementor-widget-container\">\n\t\t\t\t\t\t\t\t\t<p>Bienvenue chez EasyTaxiBelgium, o\u00f9 votre confort, votre s\u00e9curit\u00e9 et votre satisfaction passent avant tout. Bas\u00e9s \u00e0 Bruxelles, nous sommes fiers d&rsquo;offrir des services de taxi fiables et professionnels adapt\u00e9s \u00e0 vos besoins. Que vous vous rendiez \u00e0 l&rsquo;a\u00e9roport de Bruxelles-Zaventem ou Bruxelles-Sud Charleroi , que vous rentriez chez vous depuis l&rsquo;a\u00e9roport, nos chauffeurs exp\u00e9riment\u00e9s vous garantissent un trajet fluide et sans stress \u00e0 chaque fois.  <\/p><p>Nous nous engageons \u00e0 respecter la ponctualit\u00e9 et le service \u00e0 la client\u00e8le, et nous nous effor\u00e7ons de rendre votre exp\u00e9rience exceptionnelle. Notre flotte est moderne, propre et \u00e9quip\u00e9e pour votre confort. <\/p><p>Choisissez-nous pour des prix transparents, un service amical et une conduite sans tracas sur laquelle vous pouvez compter. Laissez-nous prendre le volant pendant que vous vous d\u00e9tendez, votre voyage commence avec nous. <\/p>\t\t\t\t\t\t\t\t<\/div>\n\t\t\t\t<\/div>\n\t\t\t\t<\/div>\n\t\t<div class=\"elementor-element elementor-element-e8e4600 e-con-full e-flex e-con e-child\" data-id=\"e8e4600\" data-element_type=\"container\" data-e-type=\"container\">\n\t\t\t\t<div class=\"elementor-element elementor-element-6060d91 elementor-widget elementor-widget-image\" data-id=\"6060d91\" data-element_type=\"widget\" data-e-type=\"widget\" data-widget_type=\"image.default\">\n\t\t\t\t<div class=\"elementor-widget-container\">\n\t\t\t\t\t\t\t\t\t\t\t\t\t\t\t<img fetchpriority=\"high\" decoding=\"async\" width=\"2560\" height=\"1707\" src=\"https:\/\/easytaxibelgium.be\/wp-content\/uploads\/2024\/11\/EasyTaxiBelgium_Car2-1-scaled.jpg\" class=\"attachment-full size-full wp-image-4429\" alt=\"EasyTaxiBelgium Airport Taxi and PAckage Delivery\" srcset=\"https:\/\/easytaxibelgium.be\/wp-content\/uploads\/2024\/11\/EasyTaxiBelgium_Car2-1-scaled.jpg 2560w, https:\/\/easytaxibelgium.be\/wp-content\/uploads\/2024\/11\/EasyTaxiBelgium_Car2-1-scaled-600x400.jpg 600w, https:\/\/easytaxibelgium.be\/wp-content\/uploads\/2024\/11\/EasyTaxiBelgium_Car2-1-300x200.jpg 300w, https:\/\/easytaxibelgium.be\/wp-content\/uploads\/2024\/11\/EasyTaxiBelgium_Car2-1-1024x683.jpg 1024w, https:\/\/easytaxibelgium.be\/wp-content\/uploads\/2024\/11\/EasyTaxiBelgium_Car2-1-768x512.jpg 768w, https:\/\/easytaxibelgium.be\/wp-content\/uploads\/2024\/11\/EasyTaxiBelgium_Car2-1-1536x1024.jpg 1536w, https:\/\/easytaxibelgium.be\/wp-content\/uploads\/2024\/11\/EasyTaxiBelgium_Car2-1-2048x1365.jpg 2048w, https:\/\/easytaxibelgium.be\/wp-content\/uploads\/2024\/11\/EasyTaxiBelgium_Car2-1-460x306.jpg 460w, https:\/\/easytaxibelgium.be\/wp-content\/uploads\/2024\/11\/EasyTaxiBelgium_Car2-1-800x533.jpg 800w\" sizes=\"(max-width: 2560px) 100vw, 2560px\" \/>\t\t\t\t\t\t\t\t\t\t\t\t\t\t\t<\/div>\n\t\t\t\t<\/div>\n\t\t\t\t<\/div>\n\t\t\t\t\t<\/div>\n\t\t\t\t<\/div>\n\t\t<div class=\"elementor-element elementor-element-dc548b1 e-flex e-con-boxed e-con e-parent\" data-id=\"dc548b1\" data-element_type=\"container\" data-e-type=\"container\">\n\t\t\t\t\t<div class=\"e-con-inner\">\n\t\t\t\t<div class=\"elementor-element elementor-element-d9f4d92 elementor-widget elementor-widget-heading\" data-id=\"d9f4d92\" data-element_type=\"widget\" data-e-type=\"widget\" data-widget_type=\"heading.default\">\n\t\t\t\t<div class=\"elementor-widget-container\">\n\t\t\t\t\t<h3 class=\"elementor-heading-title elementor-size-default\"><strong>Des prix transparents - disponibles instantan\u00e9ment en ligne<\/strong><\/h3>\t\t\t\t<\/div>\n\t\t\t\t<\/div>\n\t\t\t\t<div class=\"elementor-element elementor-element-b7f18b4 elementor-widget-divider--view-line elementor-widget elementor-widget-divider\" data-id=\"b7f18b4\" data-element_type=\"widget\" data-e-type=\"widget\" data-widget_type=\"divider.default\">\n\t\t\t\t<div class=\"elementor-widget-container\">\n\t\t\t\t\t\t\t<div class=\"elementor-divider\">\n\t\t\t<span class=\"elementor-divider-separator\">\n\t\t\t\t\t\t<\/span>\n\t\t<\/div>\n\t\t\t\t\t\t<\/div>\n\t\t\t\t<\/div>\n\t\t\t\t<div class=\"elementor-element elementor-element-3db2596 elementor-widget elementor-widget-text-editor\" data-id=\"3db2596\" data-element_type=\"widget\" data-e-type=\"widget\" data-widget_type=\"text-editor.default\">\n\t\t\t\t<div class=\"elementor-widget-container\">\n\t\t\t\t\t\t\t\t\t<p>Curieux de conna\u00eetre le co\u00fbt de votre transfert a\u00e9roport ? Notre site web convivial vous permet de calculer votre tarif en quelques clics. Il vous suffit d&rsquo;indiquer votre lieu de prise en charge et votre a\u00e9roport de destination pour recevoir une estimation de prix instantan\u00e9e, sans frais cach\u00e9s ni surprises.  <\/p><p>Nous proposons des tarifs comp\u00e9titifs pour les transferts de n&rsquo;importe quel endroit en Belgique vers tous les principaux a\u00e9roports, y compris ceux des pays voisins tels que les Pays-Bas, la France, l&rsquo;Allemagne et le Luxembourg.<\/p>\t\t\t\t\t\t\t\t<\/div>\n\t\t\t\t<\/div>\n\t\t\t\t\t<\/div>\n\t\t\t\t<\/div>\n\t\t<div class=\"elementor-element elementor-element-949bff6 e-flex e-con-boxed e-con e-parent\" data-id=\"949bff6\" data-element_type=\"container\" data-e-type=\"container\">\n\t\t\t\t\t<div class=\"e-con-inner\">\n\t\t\t\t<div class=\"elementor-element elementor-element-25b04ea elementor-widget elementor-widget-heading\" data-id=\"25b04ea\" data-element_type=\"widget\" data-e-type=\"widget\" data-widget_type=\"heading.default\">\n\t\t\t\t<div class=\"elementor-widget-container\">\n\t\t\t\t\t<h3 class=\"elementor-heading-title elementor-size-default\">R\u00e9servation en ligne facile et rapide<\/h3>\t\t\t\t<\/div>\n\t\t\t\t<\/div>\n\t\t\t\t<div class=\"elementor-element elementor-element-47a9b90 elementor-widget-divider--view-line elementor-widget elementor-widget-divider\" data-id=\"47a9b90\" data-element_type=\"widget\" data-e-type=\"widget\" data-widget_type=\"divider.default\">\n\t\t\t\t<div class=\"elementor-widget-container\">\n\t\t\t\t\t\t\t<div class=\"elementor-divider\">\n\t\t\t<span class=\"elementor-divider-separator\">\n\t\t\t\t\t\t<\/span>\n\t\t<\/div>\n\t\t\t\t\t\t<\/div>\n\t\t\t\t<\/div>\n\t\t\t\t<div class=\"elementor-element elementor-element-4dcb2a5 elementor-widget elementor-widget-text-editor\" data-id=\"4dcb2a5\" data-element_type=\"widget\" data-e-type=\"widget\" data-widget_type=\"text-editor.default\">\n\t\t\t\t<div class=\"elementor-widget-container\">\n\t\t\t\t\t\t\t\t\t<p>R\u00e9server votre transfert d&rsquo;a\u00e9roport n&rsquo;a jamais \u00e9t\u00e9 aussi simple. Sur notre site web, vous pouvez : <\/p><ul><li>Visualisez instantan\u00e9ment le co\u00fbt de votre voyage<\/li><li>Saisissez les d\u00e9tails de votre voyage et vos coordonn\u00e9es<\/li><li>Confirmez votre r\u00e9servation en quelques \u00e9tapes<\/li><\/ul><p>Une fois votre r\u00e9servation effectu\u00e9e, vous recevrez rapidement une confirmation par e-mail. Notre \u00e9quipe veille \u00e0 ce que chaque trajet soit trait\u00e9 avec professionnalisme, ponctualit\u00e9 et soin. <\/p>\t\t\t\t\t\t\t\t<\/div>\n\t\t\t\t<\/div>\n\t\t\t\t\t<\/div>\n\t\t\t\t<\/div>\n\t\t<div class=\"elementor-element elementor-element-8195a0d e-flex e-con-boxed e-con e-parent\" data-id=\"8195a0d\" data-element_type=\"container\" data-e-type=\"container\">\n\t\t\t\t\t<div class=\"e-con-inner\">\n\t\t<div class=\"elementor-element elementor-element-c48d12f e-con-full e-flex e-con e-child\" data-id=\"c48d12f\" data-element_type=\"container\" data-e-type=\"container\">\n\t\t\t\t<div class=\"elementor-element elementor-element-491f841 elementor-widget elementor-widget-heading\" data-id=\"491f841\" data-element_type=\"widget\" data-e-type=\"widget\" data-widget_type=\"heading.default\">\n\t\t\t\t<div class=\"elementor-widget-container\">\n\t\t\t\t\t<h3 class=\"elementor-heading-title elementor-size-default\">Exp\u00e9riences extraordinaires<\/h3>\t\t\t\t<\/div>\n\t\t\t\t<\/div>\n\t\t\t\t<div class=\"elementor-element elementor-element-7beb61e elementor-widget-divider--view-line elementor-widget elementor-widget-divider\" data-id=\"7beb61e\" data-element_type=\"widget\" data-e-type=\"widget\" data-widget_type=\"divider.default\">\n\t\t\t\t<div class=\"elementor-widget-container\">\n\t\t\t\t\t\t\t<div class=\"elementor-divider\">\n\t\t\t<span class=\"elementor-divider-separator\">\n\t\t\t\t\t\t<\/span>\n\t\t<\/div>\n\t\t\t\t\t\t<\/div>\n\t\t\t\t<\/div>\n\t\t\t\t<div class=\"elementor-element elementor-element-c5cd51e elementor-widget elementor-widget-text-editor\" data-id=\"c5cd51e\" data-element_type=\"widget\" data-e-type=\"widget\" data-widget_type=\"text-editor.default\">\n\t\t\t\t<div class=\"elementor-widget-container\">\n\t\t\t\t\t\t\t\t\t<p>Nous sommes convaincus que chaque voyage doit \u00eatre plus qu&rsquo;un simple trajet&nbsp;: une exp\u00e9rience unique. Que vous voyagiez depuis ou vers un a\u00e9roport belge, que vous exploriez les villes belges ou que vous vous rendiez dans des pays voisins comme la France, les Pays-Bas, l&rsquo;Allemagne ou le Luxembourg, nous veillons \u00e0 ce que votre voyage soit fluide, s\u00fbr et exceptionnellement confortable. <\/p>\t\t\t\t\t\t\t\t<\/div>\n\t\t\t\t<\/div>\n\t\t\t\t<div class=\"elementor-element elementor-element-7a29118 elementor-widget elementor-widget-text-editor\" data-id=\"7a29118\" data-element_type=\"widget\" data-e-type=\"widget\" data-widget_type=\"text-editor.default\">\n\t\t\t\t<div class=\"elementor-widget-container\">\n\t\t\t\t\t\t\t\t\t<p>Nos chauffeurs professionnels, nos v\u00e9hicules propres et modernes, et notre engagement envers la ponctualit\u00e9 vous permettent de profiter pleinement de chaque instant. Que vous soyez en d\u00e9placement professionnel ou en vacances, nous sommes l\u00e0 pour vous offrir un transport fiable et serein. <\/p>\t\t\t\t\t\t\t\t<\/div>\n\t\t\t\t<\/div>\n\t\t\t\t<\/div>\n\t\t<div class=\"elementor-element elementor-element-d47d4cd e-con-full e-flex e-con e-child\" data-id=\"d47d4cd\" data-element_type=\"container\" data-e-type=\"container\">\n\t\t\t\t<div class=\"elementor-element elementor-element-bf795e2 elementor-widget elementor-widget-heading\" data-id=\"bf795e2\" data-element_type=\"widget\" data-e-type=\"widget\" data-widget_type=\"heading.default\">\n\t\t\t\t<div class=\"elementor-widget-container\">\n\t\t\t\t\t<h3 class=\"elementor-heading-title elementor-size-default\">Nos valeurs fondamentales<\/h3>\t\t\t\t<\/div>\n\t\t\t\t<\/div>\n\t\t\t\t<div class=\"elementor-element elementor-element-ae16dd8 elementor-widget-divider--view-line elementor-widget elementor-widget-divider\" data-id=\"ae16dd8\" data-element_type=\"widget\" data-e-type=\"widget\" data-widget_type=\"divider.default\">\n\t\t\t\t<div class=\"elementor-widget-container\">\n\t\t\t\t\t\t\t<div class=\"elementor-divider\">\n\t\t\t<span class=\"elementor-divider-separator\">\n\t\t\t\t\t\t<\/span>\n\t\t<\/div>\n\t\t\t\t\t\t<\/div>\n\t\t\t\t<\/div>\n\t\t\t\t<div class=\"elementor-element elementor-element-8c4a333 elementor-widget elementor-widget-text-editor\" data-id=\"8c4a333\" data-element_type=\"widget\" data-e-type=\"widget\" data-widget_type=\"text-editor.default\">\n\t\t\t\t<div class=\"elementor-widget-container\">\n\t\t\t\t\t\t\t\t\t<p>Le professionnalisme, la ponctualit\u00e9 et le service client sont au c\u0153ur de notre service. Nous sommes fiers de proposer des trajets s\u00fbrs, fiables et confortables partout en Belgique, de jour comme de nuit. <\/p>\t\t\t\t\t\t\t\t<\/div>\n\t\t\t\t<\/div>\n\t\t\t\t<div class=\"elementor-element elementor-element-0179544 elementor-icon-list--layout-traditional elementor-list-item-link-full_width elementor-widget elementor-widget-icon-list\" data-id=\"0179544\" data-element_type=\"widget\" data-e-type=\"widget\" data-widget_type=\"icon-list.default\">\n\t\t\t\t<div class=\"elementor-widget-container\">\n\t\t\t\t\t\t\t<ul class=\"elementor-icon-list-items\">\n\t\t\t\t\t\t\t<li class=\"elementor-icon-list-item\">\n\t\t\t\t\t\t\t\t\t\t\t<span class=\"elementor-icon-list-icon\">\n\t\t\t\t\t\t\t<svg aria-hidden=\"true\" class=\"e-font-icon-svg e-fas-minus\" viewBox=\"0 0 448 512\" xmlns=\"http:\/\/www.w3.org\/2000\/svg\"><path d=\"M416 208H32c-17.67 0-32 14.33-32 32v32c0 17.67 14.33 32 32 32h384c17.67 0 32-14.33 32-32v-32c0-17.67-14.33-32-32-32z\"><\/path><\/svg>\t\t\t\t\t\t<\/span>\n\t\t\t\t\t\t\t\t\t\t<span class=\"elementor-icon-list-text\">Professionnalisme<\/span>\n\t\t\t\t\t\t\t\t\t<\/li>\n\t\t\t\t\t\t\t\t<li class=\"elementor-icon-list-item\">\n\t\t\t\t\t\t\t\t\t\t\t<span class=\"elementor-icon-list-icon\">\n\t\t\t\t\t\t\t<svg aria-hidden=\"true\" class=\"e-font-icon-svg e-fas-minus\" viewBox=\"0 0 448 512\" xmlns=\"http:\/\/www.w3.org\/2000\/svg\"><path d=\"M416 208H32c-17.67 0-32 14.33-32 32v32c0 17.67 14.33 32 32 32h384c17.67 0 32-14.33 32-32v-32c0-17.67-14.33-32-32-32z\"><\/path><\/svg>\t\t\t\t\t\t<\/span>\n\t\t\t\t\t\t\t\t\t\t<span class=\"elementor-icon-list-text\">Ponctualit\u00e9<\/span>\n\t\t\t\t\t\t\t\t\t<\/li>\n\t\t\t\t\t\t\t\t<li class=\"elementor-icon-list-item\">\n\t\t\t\t\t\t\t\t\t\t\t<span class=\"elementor-icon-list-icon\">\n\t\t\t\t\t\t\t<svg aria-hidden=\"true\" class=\"e-font-icon-svg e-fas-minus\" viewBox=\"0 0 448 512\" xmlns=\"http:\/\/www.w3.org\/2000\/svg\"><path d=\"M416 208H32c-17.67 0-32 14.33-32 32v32c0 17.67 14.33 32 32 32h384c17.67 0 32-14.33 32-32v-32c0-17.67-14.33-32-32-32z\"><\/path><\/svg>\t\t\t\t\t\t<\/span>\n\t\t\t\t\t\t\t\t\t\t<span class=\"elementor-icon-list-text\">Service client<\/span>\n\t\t\t\t\t\t\t\t\t<\/li>\n\t\t\t\t\t\t<\/ul>\n\t\t\t\t\t\t<\/div>\n\t\t\t\t<\/div>\n\t\t\t\t<\/div>\n\t\t\t\t\t<\/div>\n\t\t\t\t<\/div>\n\t\t<div class=\"elementor-element elementor-element-94a2e79 e-flex e-con-boxed e-con e-parent\" data-id=\"94a2e79\" data-element_type=\"container\" data-e-type=\"container\">\n\t\t\t\t\t<div class=\"e-con-inner\">\n\t\t\t\t<div class=\"elementor-element elementor-element-547c43a elementor-widget elementor-widget-heading\" data-id=\"547c43a\" data-element_type=\"widget\" data-e-type=\"widget\" data-widget_type=\"heading.default\">\n\t\t\t\t<div class=\"elementor-widget-container\">\n\t\t\t\t\t<h3 class=\"elementor-heading-title elementor-size-default\">Pourquoi choisir Easy Taxi Belgique ?<\/h3>\t\t\t\t<\/div>\n\t\t\t\t<\/div>\n\t\t\t\t<div class=\"elementor-element elementor-element-59403a8 elementor-widget-divider--view-line elementor-widget elementor-widget-divider\" data-id=\"59403a8\" data-element_type=\"widget\" data-e-type=\"widget\" data-widget_type=\"divider.default\">\n\t\t\t\t<div class=\"elementor-widget-container\">\n\t\t\t\t\t\t\t<div class=\"elementor-divider\">\n\t\t\t<span class=\"elementor-divider-separator\">\n\t\t\t\t\t\t<\/span>\n\t\t<\/div>\n\t\t\t\t\t\t<\/div>\n\t\t\t\t<\/div>\n\t\t\t\t<div class=\"elementor-element elementor-element-01cb698 elementor-widget elementor-widget-text-editor\" data-id=\"01cb698\" data-element_type=\"widget\" data-e-type=\"widget\" data-widget_type=\"text-editor.default\">\n\t\t\t\t<div class=\"elementor-widget-container\">\n\t\t\t\t\t\t\t\t\t<p data-start=\"78\" data-end=\"430\"><strong data-start=\"78\" data-end=\"111\">Pourquoi choisir Easy Taxi Belgique ?<\/strong><br data-start=\"111\" data-end=\"114\">Choisir Easy Taxi Belgium, c&rsquo;est choisir le confort, la fiabilit\u00e9 et la tranquillit\u00e9 d&rsquo;esprit. Nous sommes plus qu&rsquo;un simple service de taxi&nbsp;: nous sommes votre partenaire de voyage de confiance en Belgique et au-del\u00e0. Qu&rsquo;il s&rsquo;agisse d&rsquo;un transfert a\u00e9roport matinal, d&rsquo;un voyage d&rsquo;affaires ou d&rsquo;un d\u00e9placement transfrontalier, nous veillons \u00e0 ce que chaque trajet se d\u00e9roule sans encombre et sans stress.  <\/p><ul data-start=\"432\" data-end=\"824\"><li data-start=\"432\" data-end=\"504\"><p data-start=\"434\" data-end=\"504\"><strong data-start=\"434\" data-end=\"456\">Disponibilit\u00e9 24h\/24 et 7j\/7 :<\/strong> toujours pr\u00eats quand vous avez besoin de nous, de jour comme de nuit.<\/p><\/li><li data-start=\"505\" data-end=\"581\"><p data-start=\"507\" data-end=\"581\"><strong data-start=\"507\" data-end=\"529\">Expertise A\u00e9roportuaire :<\/strong> Transferts rapides et ponctuels vers tous les a\u00e9roports belges.<\/p><\/li><li data-start=\"582\" data-end=\"678\"><p data-start=\"584\" data-end=\"678\"><strong data-start=\"584\" data-end=\"609\">Service transfrontalier :<\/strong> trajets confortables vers la France, les Pays-Bas, l&rsquo;Allemagne et le Luxembourg.<\/p><\/li><li data-start=\"679\" data-end=\"749\"><p data-start=\"681\" data-end=\"749\"><strong data-start=\"681\" data-end=\"706\">Chauffeurs professionnels :<\/strong> sympathiques, exp\u00e9riment\u00e9s et multilingues.<\/p><\/li><li data-start=\"750\" data-end=\"824\"><p data-start=\"752\" data-end=\"824\"><strong data-start=\"752\" data-end=\"769\">Flotte moderne :<\/strong> V\u00e9hicules propres et spacieux pour particuliers et groupes.<\/p><\/li><\/ul><p data-start=\"826\" data-end=\"902\">D\u00e9couvrez la diff\u00e9rence avec Easy Taxi Belgium \u2014 o\u00f9 chaque trajet compte.<\/p>\t\t\t\t\t\t\t\t<\/div>\n\t\t\t\t<\/div>\n\t\t\t\t\t<\/div>\n\t\t\t\t<\/div>\n\t\t<div class=\"elementor-element elementor-element-7465b96 e-flex e-con-boxed e-con e-parent\" data-id=\"7465b96\" data-element_type=\"container\" data-e-type=\"container\">\n\t\t\t\t\t<div class=\"e-con-inner\">\n\t\t\t\t<div class=\"elementor-element elementor-element-b4b2742 elementor-align-center elementor-widget elementor-widget-button\" data-id=\"b4b2742\" data-element_type=\"widget\" data-e-type=\"widget\" data-widget_type=\"button.default\">\n\t\t\t\t<div class=\"elementor-widget-container\">\n\t\t\t\t\t\t\t\t\t<div class=\"elementor-button-wrapper\">\n\t\t\t\t\t<a class=\"elementor-button elementor-button-link elementor-size-sm\" href=\"https:\/\/easytaxibelgium.be\/fr\/\">\n\t\t\t\t\t\t<span class=\"elementor-button-content-wrapper\">\n\t\t\t\t\t\t\t\t\t<span class=\"elementor-button-text\">R\u00e9servez votre course - 24h\/7j<\/span>\n\t\t\t\t\t<\/span>\n\t\t\t\t\t<\/a>\n\t\t\t\t<\/div>\n\t\t\t\t\t\t\t\t<\/div>\n\t\t\t\t<\/div>\n\t\t\t\t\t<\/div>\n\t\t\t\t<\/div>\n\t\t<div class=\"elementor-element elementor-element-3f9a686 e-flex e-con-boxed e-con e-parent\" data-id=\"3f9a686\" data-element_type=\"container\" data-e-type=\"container\">\n\t\t\t\t\t<div class=\"e-con-inner\">\n\t\t\t\t<div class=\"elementor-element elementor-element-e35c5ce elementor-widget elementor-widget-spacer\" data-id=\"e35c5ce\" data-element_type=\"widget\" data-e-type=\"widget\" data-widget_type=\"spacer.default\">\n\t\t\t\t<div class=\"elementor-widget-container\">\n\t\t\t\t\t\t\t<div class=\"elementor-spacer\">\n\t\t\t<div class=\"elementor-spacer-inner\"><\/div>\n\t\t<\/div>\n\t\t\t\t\t\t<\/div>\n\t\t\t\t<\/div>\n\t\t\t\t\t<\/div>\n\t\t\t\t<\/div>\n\t\t<div class=\"elementor-element elementor-element-4c1ed1b e-flex e-con-boxed e-con e-parent\" data-id=\"4c1ed1b\" data-element_type=\"container\" data-e-type=\"container\">\n\t\t\t\t\t<div class=\"e-con-inner\">\n\t\t\t\t<div class=\"elementor-element elementor-element-28fc928 elementor-widget elementor-widget-html\" data-id=\"28fc928\" data-element_type=\"widget\" data-e-type=\"widget\" data-widget_type=\"html.default\">\n\t\t\t\t<div class=\"elementor-widget-container\">\n\t\t\t\t\t<script defer async src='https:\/\/cdn.trustindex.io\/loader.js?82b6d1561e8a37684f36d2de102'><\/script>\t\t\t\t<\/div>\n\t\t\t\t<\/div>\n\t\t\t\t\t<\/div>\n\t\t\t\t<\/div>\n\t\t\t\t<\/div>\n\t\t","protected":false},"excerpt":{"rendered":"<p>Qui sommes-nous ? Notre mission Bienvenue chez EasyTaxiBelgium, o\u00f9 votre confort, votre s\u00e9curit\u00e9 et votre satisfaction passent avant tout. Bas\u00e9s \u00e0 Bruxelles, nous sommes fiers d&rsquo;offrir des services de taxi fiables et professionnels adapt\u00e9s \u00e0 vos besoins. Que vous vous rendiez \u00e0 l&rsquo;a\u00e9roport de Bruxelles-Zaventem ou Bruxelles-Sud Charleroi , que vous rentriez chez vous depuis [&hellip;]<\/p>\n","protected":false},"author":1,"featured_media":0,"parent":0,"menu_order":0,"comment_status":"closed","ping_status":"closed","template":"","meta":{"site-sidebar-layout":"no-sidebar","site-content-layout":"page-builder","ast-site-content-layout":"full-width-container","site-content-style":"unboxed","site-sidebar-style":"unboxed","ast-global-header-display":"","ast-banner-title-visibility":"","ast-main-header-display":"","ast-hfb-above-header-display":"","ast-hfb-below-header-display":"","ast-hfb-mobile-header-display":"","site-post-title":"disabled","ast-breadcrumbs-content":"","ast-featured-img":"disabled","footer-sml-layout":"","ast-disable-related-posts":"","theme-transparent-header-meta":"enabled","adv-header-id-meta":"","stick-header-meta":"","header-above-stick-meta":"","header-main-stick-meta":"","header-below-stick-meta":"","astra-migrate-meta-layouts":"set","ast-page-background-enabled":"default","ast-page-background-meta":{"desktop":{"background-color":"","background-image":"","background-repeat":"repeat","background-position":"center center","background-size":"auto","background-attachment":"scroll","background-type":"","background-media":"","overlay-type":"","overlay-color":"","overlay-opacity":"","overlay-gradient":""},"tablet":{"background-color":"","background-image":"","background-repeat":"repeat","background-position":"center center","background-size":"auto","background-attachment":"scroll","background-type":"","background-media":"","overlay-type":"","overlay-color":"","overlay-opacity":"","overlay-gradient":""},"mobile":{"background-color":"","background-image":"","background-repeat":"repeat","background-position":"center center","background-size":"auto","background-attachment":"scroll","background-type":"","background-media":"","overlay-type":"","overlay-color":"","overlay-opacity":"","overlay-gradient":""}},"ast-content-background-meta":{"desktop":{"background-color":"var(--ast-global-color-5)","background-image":"","background-repeat":"repeat","background-position":"center center","background-size":"auto","background-attachment":"scroll","background-type":"","background-media":"","overlay-type":"","overlay-color":"","overlay-opacity":"","overlay-gradient":""},"tablet":{"background-color":"var(--ast-global-color-5)","background-image":"","background-repeat":"repeat","background-position":"center center","background-size":"auto","background-attachment":"scroll","background-type":"","background-media":"","overlay-type":"","overlay-color":"","overlay-opacity":"","overlay-gradient":""},"mobile":{"background-color":"var(--ast-global-color-5)","background-image":"","background-repeat":"repeat","background-position":"center center","background-size":"auto","background-attachment":"scroll","background-type":"","background-media":"","overlay-type":"","overlay-color":"","overlay-opacity":"","overlay-gradient":""}},"slim_seo":{"title":"Easy Taxi Belgium - Airport Tansfers Belgium","description":"We are committed to punctuality and customer service. Our fleet is modern, clean, and equipped for your comfort. We offer airport transfers."},"footnotes":""},"class_list":["post-4595","page","type-page","status-publish","hentry"],"_links":{"self":[{"href":"https:\/\/easytaxibelgium.be\/fr\/wp-json\/wp\/v2\/pages\/4595","targetHints":{"allow":["GET"]}}],"collection":[{"href":"https:\/\/easytaxibelgium.be\/fr\/wp-json\/wp\/v2\/pages"}],"about":[{"href":"https:\/\/easytaxibelgium.be\/fr\/wp-json\/wp\/v2\/types\/page"}],"author":[{"embeddable":true,"href":"https:\/\/easytaxibelgium.be\/fr\/wp-json\/wp\/v2\/users\/1"}],"replies":[{"embeddable":true,"href":"https:\/\/easytaxibelgium.be\/fr\/wp-json\/wp\/v2\/comments?post=4595"}],"version-history":[{"count":23,"href":"https:\/\/easytaxibelgium.be\/fr\/wp-json\/wp\/v2\/pages\/4595\/revisions"}],"predecessor-version":[{"id":6449,"href":"https:\/\/easytaxibelgium.be\/fr\/wp-json\/wp\/v2\/pages\/4595\/revisions\/6449"}],"wp:attachment":[{"href":"https:\/\/easytaxibelgium.be\/fr\/wp-json\/wp\/v2\/media?parent=4595"}],"curies":[{"name":"wp","href":"https:\/\/api.w.org\/{rel}","templated":true}]}}